{"id":9,"date":"2026-02-21T19:53:50","date_gmt":"2026-02-21T19:53:50","guid":{"rendered":"https:\/\/asimalihoca.com\/?page_id=9"},"modified":"2026-02-21T20:34:38","modified_gmt":"2026-02-21T20:34:38","slug":"asim-ali-hoca","status":"publish","type":"page","link":"https:\/\/asimalihoca.com\/","title":{"rendered":"As\u0131m Ali Hoca"},"content":{"rendered":"\n<div class=\"wp-block-uagb-container uagb-block-359ad336 alignfull uagb-is-root-container\">\n<div class=\"wp-block-uagb-info-box uagb-block-643ec3b1 uagb-infobox__content-wrap  uagb-infobox-icon-above-title uagb-infobox-image-valign-top\"><div class=\"uagb-ifb-content\"><div class=\"uagb-ifb-title-wrap\"><h2 class=\"uagb-ifb-title\">BA\u011eLAMA \u0130\u015eLEM\u0130 UZMANI ASIM AL\u0130 HOCA<\/h2><\/div><p class=\"uagb-ifb-desc\">Whatsapp &amp; Telefon \u00fczerinden 7\/24 ileti\u015fim G\u00fcvenilir Uzman<\/p><\/div><\/div>\n<\/div>\n\n\n\n<div style=\"height:35px\" aria-hidden=\"true\" class=\"wp-block-spacer\"><\/div>\n\n\n\n<div class=\"wp-block-uagb-inline-notice uagb-inline_notice__align-left uagb-block-12376089\"><button class=\"uagb-notice-close-button\" type=\"button\" aria-label=\"Close\"><\/button><h4 class=\"uagb-notice-title\">\u00d6NEML\u0130 UYARI<\/h4><div class=\"uagb-notice-text\">\n<p>K\u0131ymetli dostlar\u0131m son d\u00f6nemde, \u00fczerimde <strong>bir\u015fey varm\u0131? ba\u015f\u0131m a\u011fr\u0131yor, hastay\u0131m, bana bir bakar m\u0131s\u0131n\u0131z<\/strong> gibi \u00e7ok fazla mesaj almaktay\u0131m. Ben a\u015fk ve ili\u015fki uzman\u0131y\u0131m ve bu belirtilen konularda hizmet vermemekteyim. Sizlerden ricam hatt\u0131 bu gibi konular ile me\u015fgul etmeyiniz. \u0130htiya\u00e7 sahibi olan insanlar\u0131n hakk\u0131na giriyorsunuz. Bu konularda yard\u0131mc\u0131 olam\u0131yorum. Sayg\u0131lar\u0131mla<\/p>\n<\/div><\/div>\n\n\n\n<div style=\"height:35px\" aria-hidden=\"true\" class=\"wp-block-spacer\"><\/div>\n\n\n\n<div class=\"wp-block-uagb-inline-notice uagb-inline_notice__align-left uagb-block-63247a40\"><button class=\"uagb-notice-close-button\" type=\"button\" aria-label=\"Close\"><\/button><h4 class=\"uagb-notice-title\">As\u0131m Ali Hoca Kimdir?<\/h4><div class=\"uagb-notice-text\">\n<p>gen\u00e7lik y\u0131llar\u0131ndan itibaren sakinli\u011fi, \u00f6l\u00e7\u00fcl\u00fc yakla\u015f\u0131m\u0131 ve derin d\u00fc\u015f\u00fcnme al\u0131\u015fkanl\u0131\u011f\u0131yla \u00f6ne \u00e7\u0131kan bir yol aray\u0131\u015f\u0131n\u0131n i\u00e7inde yeti\u015fti. Hayata kar\u015f\u0131 aceleci olmayan, olup biteni y\u00fczeyde b\u0131rakmadan anlamaya \u00e7al\u0131\u015fan bir karaktere sahipti. Erken d\u00f6nemlerinden itibaren insan davran\u0131\u015flar\u0131n\u0131, niyet kavram\u0131n\u0131 ve d\u00fc\u015f\u00fcncenin hayata yans\u0131ma bi\u00e7imlerini dikkatle g\u00f6zlemledi; dinlemeyi konu\u015fmaktan, anlamay\u0131 h\u00fck\u00fcm vermekten \u00f6nce tuttu.<\/p>\n\n\n\n<p>Zamanla bu i\u00e7 disiplin, onu bilgiyle prati\u011fi bir arada ele almaya y\u00f6neltti. Geleneksel \u00f6\u011fretileri oldu\u011fu gibi aktarmak yerine, g\u00fcn\u00fcm\u00fcz insan\u0131n\u0131n g\u00fcndelik ya\u015fam\u0131nda kar\u015f\u0131l\u0131\u011f\u0131 olan bir dile d\u00f6n\u00fc\u015ft\u00fcrmeyi benimsedi. Okuma, tefekk\u00fcr ve bireysel g\u00f6zlemlerle \u015fekillenen bu s\u00fcre\u00e7te; insan\u0131n kendini tan\u0131mas\u0131n\u0131n, d\u0131\u015f ko\u015fullardan \u00f6nce i\u00e7 d\u00fczenini kurmas\u0131yla m\u00fcmk\u00fcn oldu\u011funa odakland\u0131.<\/p>\n\n\n\n<p>\u00c7evresindeki insanlar\u0131n ya\u015fad\u0131\u011f\u0131 karma\u015f\u0131k durumlara yakla\u015f\u0131m\u0131nda abart\u0131dan uzak durdu. Ona g\u00f6re rehberlik; umut da\u011f\u0131tmak ya da kesin vaatlerde bulunmak de\u011fil, ki\u015finin kendi iradesini g\u00fc\u00e7lendirmesine e\u015flik etmekti. Bu nedenle g\u00f6r\u00fc\u015fmelerinde niyetin berrakla\u015ft\u0131r\u0131lmas\u0131, k\u0131sa ve ula\u015f\u0131labilir hedefler belirlenmesi, sab\u0131rla tekrar edilen k\u00fc\u00e7\u00fck pratikler gibi somut ad\u0131mlar\u0131 merkeze ald\u0131. S\u00fcreklili\u011fin, ani \u00e7\u0131k\u0131\u015flardan \u00e7ok daha kal\u0131c\u0131 sonu\u00e7lar do\u011furdu\u011funu savundu.<\/p>\n\n\n\n<p>Bug\u00fcn \u0130stanbul\u2019un \u00c7atalca il\u00e7esinde ya\u015fam\u0131n\u0131 s\u00fcrd\u00fcren As\u0131m Ali Hoca, \u00e7al\u0131\u015fmalar\u0131nda sade bir ileti\u015fim dili kullan\u0131r. Fark\u0131ndal\u0131k egzersizleri, g\u00fcnl\u00fck k\u0131sa i\u00e7 g\u00f6zlem \u00e7al\u0131\u015fmalar\u0131, niyet kontrol\u00fc ve d\u00fc\u015f\u00fcnce\u2013duygu uyumunu g\u00fc\u00e7lendiren pratiklerle dan\u0131\u015fanlar\u0131na yol arkada\u015fl\u0131\u011f\u0131 eder. Kendini \u201c\u00f6\u011freten\u201d de\u011fil, birlikte y\u00fcr\u00fcyen biri olarak konumland\u0131r\u0131r; ki\u015finin kendi cevab\u0131na ula\u015fmas\u0131n\u0131n, en sa\u011flam rehberlik oldu\u011funa inan\u0131r.<\/p>\n\n\n\n<p>\u0130stikrarl\u0131 duru\u015fu, \u00f6l\u00e7\u00fcl\u00fc anlat\u0131m\u0131 ve hayata temas eden yakla\u015f\u0131m\u0131yla; farkl\u0131 ya\u015fam tarzlar\u0131ndan insanlarla ortak bir zeminde bulu\u015fmay\u0131 ba\u015faran, sezgiyi sa\u011fduyu ile dengeleyen bir rehber olarak tan\u0131n\u0131r.<\/p>\n<\/div><\/div>\n\n\n\n<div style=\"height:35px\" aria-hidden=\"true\" class=\"wp-block-spacer\"><\/div>\n\n\n\n<div class=\"wp-block-uagb-advanced-heading uagb-block-b37ad913\"><h2 class=\"uagb-heading-text\">\u00c7al\u0131\u015fmalar<\/h2><div class=\"uagb-separator\"><\/div><\/div>\n\n\n\n<div style=\"height:35px\" aria-hidden=\"true\" class=\"wp-block-spacer\"><\/div>\n\n\n\n<div class=\"wp-block-uagb-container uagb-block-5c422557 alignfull uagb-is-root-container\"><div class=\"uagb-container-inner-blocks-wrap\">\n<div class=\"wp-block-uagb-container uagb-block-190108b5\">\n<div class=\"wp-block-uagb-info-box uagb-block-310be9ff uagb-infobox__content-wrap  uagb-infobox-icon-above-title uagb-infobox-image-valign-top\"><div class=\"uagb-ifb-content\"><div class=\"uagb-ifb-icon-wrap\"><svg xmlns=\"https:\/\/www.w3.org\/2000\/svg\" viewBox=\"0 0 512 512\"><path d=\"M32 256c0-123.8 100.3-224 223.8-224c11.36 0 29.7 1.668 40.9 3.746c9.616 1.777 11.75 14.63 3.279 19.44C245 86.5 211.2 144.6 211.2 207.8c0 109.7 99.71 193 208.3 172.3c9.561-1.805 16.28 9.324 10.11 16.95C387.9 448.6 324.8 480 255.8 480C132.1 480 32 379.6 32 256z\"><\/path><\/svg><\/div><div class=\"uagb-ifb-title-wrap\"><h3 class=\"uagb-ifb-title\">Ba\u011flama \u0130\u015flemi<\/h3><\/div><\/div><\/div>\n<\/div>\n\n\n\n<div class=\"wp-block-uagb-container uagb-block-fdc8acab\">\n<div class=\"wp-block-uagb-info-box uagb-block-59a3a377 uagb-infobox__content-wrap  uagb-infobox-icon-above-title uagb-infobox-image-valign-top\"><div class=\"uagb-ifb-content\"><div class=\"uagb-ifb-icon-wrap\"><svg xmlns=\"https:\/\/www.w3.org\/2000\/svg\" viewBox=\"0 0 512 512\"><path d=\"M32 256c0-123.8 100.3-224 223.8-224c11.36 0 29.7 1.668 40.9 3.746c9.616 1.777 11.75 14.63 3.279 19.44C245 86.5 211.2 144.6 211.2 207.8c0 109.7 99.71 193 208.3 172.3c9.561-1.805 16.28 9.324 10.11 16.95C387.9 448.6 324.8 480 255.8 480C132.1 480 32 379.6 32 256z\"><\/path><\/svg><\/div><div class=\"uagb-ifb-title-wrap\"><h3 class=\"uagb-ifb-title\">A\u015f\u0131k Etme \u0130\u015flemi<\/h3><\/div><\/div><\/div>\n<\/div>\n\n\n\n<div class=\"wp-block-uagb-container uagb-block-07a60e7c\">\n<div class=\"wp-block-uagb-info-box uagb-block-dfc599e8 uagb-infobox__content-wrap  uagb-infobox-icon-above-title uagb-infobox-image-valign-top\"><div class=\"uagb-ifb-content\"><div class=\"uagb-ifb-icon-wrap\"><svg xmlns=\"https:\/\/www.w3.org\/2000\/svg\" viewBox=\"0 0 512 512\"><path d=\"M32 256c0-123.8 100.3-224 223.8-224c11.36 0 29.7 1.668 40.9 3.746c9.616 1.777 11.75 14.63 3.279 19.44C245 86.5 211.2 144.6 211.2 207.8c0 109.7 99.71 193 208.3 172.3c9.561-1.805 16.28 9.324 10.11 16.95C387.9 448.6 324.8 480 255.8 480C132.1 480 32 379.6 32 256z\"><\/path><\/svg><\/div><div class=\"uagb-ifb-title-wrap\"><h3 class=\"uagb-ifb-title\">So\u011futma \u0130\u015flemi<\/h3><\/div><\/div><\/div>\n<\/div>\n<\/div><\/div>\n\n\n\n<div style=\"height:35px\" aria-hidden=\"true\" class=\"wp-block-spacer\"><\/div>\n\n\n\n<div class=\"wp-block-uagb-advanced-heading uagb-block-54111439\"><h2 class=\"uagb-heading-text\">Dan\u0131\u015fan Yorumlar\u0131<\/h2><div class=\"uagb-separator\"><\/div><\/div>\n\n\n\n<div style=\"height:35px\" aria-hidden=\"true\" class=\"wp-block-spacer\"><\/div>\n\n\n\n<div class=\"wp-block-uagb-blockquote uagb-block-a5b5741b uagb-blockquote__skin-border uagb-blockquote__stack-img-none\"><blockquote class=\"uagb-blockquote\"><div class=\"uagb-blockquote__content\">E\u015fim son zamanlarda incir \u00e7ekirde\u011fini doldurmayacak sebeplerden kavga \u00e7\u0131kar\u0131r olmu\u015ftu. Her \u015feyi denedim ama hi\u00e7bir de\u011fi\u015fiklik yoktu. Yak\u0131n arkada\u015f\u0131mla dertle\u015firken durumu anlatt\u0131\u011f\u0131mda bana kendisinin daha \u00f6nceden gitti\u011fi \u00e7ok iyi bir medyum oldu\u011funu ve bir aramam\u0131 dan\u0131\u015fmam\u0131 s\u00f6yledi. Kocam\u0131 d\u00fczeltsin de ne olursa kabul ederdim. as\u0131m ali beymi\u015f bahsetti\u011fi medyum. as\u0131m ali bey s\u00f6yledi\u011fine g\u00f6re e\u015fime b\u00fcy\u00fc yap\u0131lm\u0131\u015f. Hemen b\u00fcy\u00fcy\u00fc bozmak i\u00e7in bir i\u015flem yapt\u0131. 9 g\u00fcn ge\u00e7ti ge\u00e7medi ve arkada\u015flar kocam yava\u015ftan eski melek haline d\u00f6nmeye ba\u015flam\u0131\u015ft\u0131 \u00e7ok \u015f\u00fck\u00fcr. as\u0131m ali bey arkada\u015f\u0131m\u0131n bahsetti\u011fi kadar varm\u0131\u015f ger\u00e7ekten. Hatta daha iyiymi\u015f. Kocam\u0131 eski haline \u00e7evirdi ya kendisine nas\u0131l te\u015fekk\u00fcr etsem bilemiyorum hala.<\/div><footer><div class=\"uagb-blockquote__author-wrap uagb-blockquote__author-at-left\"><cite class=\"uagb-blockquote__author\">Nazl\u0131<\/cite><\/div><\/footer><\/blockquote><\/div>\n\n\n\n<div style=\"height:35px\" aria-hidden=\"true\" class=\"wp-block-spacer\"><\/div>\n\n\n\n<div class=\"wp-block-uagb-blockquote uagb-block-5a15322d uagb-blockquote__skin-border uagb-blockquote__stack-img-none\"><blockquote class=\"uagb-blockquote\"><div class=\"uagb-blockquote__content\">Medyum as\u0131m ali hocam sayesinde hayat\u0131m bir d\u00fczene girdi sevgilimle aram bozuktu ve ayr\u0131lm\u0131\u015ft\u0131k. O ara psikolojik olarak \u00e7\u00f6k\u00fcnt\u00fcye u\u011frad\u0131m. \u00c7\u00fcnk\u00fc onu \u00e7ok seviyordum. Hi\u00e7 yoktan yere bende ayr\u0131ld\u0131 ve bunun sebebini \u00f6\u011frenmek i\u00e7in internet \u00fczerinden medyum aray\u0131\u015f\u0131 i\u00e7ine girdim ve i\u015flemleri s\u00fcrekli iyi sonu\u00e7lanan ve herkesin methiyeler dizdi\u011fi medyum as\u0131m ali beyi buldum. Kendisiyle konu\u015fmak istedim. Sorunumu anlatt\u0131m bana i\u015fimi 4 g\u00fcnde halledebilece\u011fini s\u00f6yledi. \u0130lk ba\u015fta inanmad\u0131m. Fakat i\u015flem yapt\u0131rd\u0131ktan 4 g\u00fcn sonra g\u00f6zlerime inanamad\u0131m. Beni whatsaptan ve telefondan engelleyen adam birden bana mesaj att\u0131 ondan sonrada benden \u00f6z\u00fcr diledi ve tekrar bar\u0131\u015fmak istedi\u011fini s\u00f6yledi. Medyum as\u0131m ali bey ger\u00e7ekten s\u00fcper bir medyum ve sizlere de tavsiye ederim<\/div><footer><div class=\"uagb-blockquote__author-wrap uagb-blockquote__author-at-left\"><cite class=\"uagb-blockquote__author\">Fidan<\/cite><\/div><\/footer><\/blockquote><\/div>\n\n\n\n<div style=\"height:35px\" aria-hidden=\"true\" class=\"wp-block-spacer\"><\/div>\n\n\n\n<div class=\"wp-block-uagb-blockquote uagb-block-6cc88aa3 uagb-blockquote__skin-border uagb-blockquote__stack-img-none\"><blockquote class=\"uagb-blockquote\"><div class=\"uagb-blockquote__content\">\u0130ki ay \u00f6nce 4 y\u0131ll\u0131k e\u015fimin bir senedir beni en yak\u0131n arkada\u015f\u0131mla aldatt\u0131\u011f\u0131n\u0131 \u00f6\u011frendim. E\u015fim normalde telefonunu s\u00fcrekli kilitli b\u0131rak\u0131p gider ama nas\u0131lsa bir g\u00fcn a\u00e7\u0131k buldum ve ikisinin sarma\u015f dola\u015f foto\u011fraflar\u0131n\u0131 g\u00f6rd\u00fc\u011f\u00fcmde kesin emin oldum. Y\u00fczlerine vurmak yerine b\u00fcy\u00fc yap\u0131p sessizce aralar\u0131n\u0131 bozmak istiyordum. \u0130nternetten bakt\u0131\u011f\u0131mda bu sayfay\u0131 buldum ve yorumlara bakt\u0131\u011f\u0131mda herkesin as\u0131m ali hocay\u0131 \u00f6vd\u00fc\u011f\u00fcn\u00fc g\u00f6rd\u00fcm. Arad\u0131m konu\u015ftuk ve sabun b\u00fcy\u00fcs\u00fc yapt\u0131rmak istedi\u011fimi s\u00f6yledim. Her \u015feyi ayarlay\u0131p b\u00fcy\u00fcy\u00fc yapt\u0131k. Aradan iki bu\u00e7uk hafta ge\u00e7ti ve en yak\u0131n arkada\u015f\u0131m dedi\u011fim ki\u015fi bir anda \u00fclkenin di\u011fer ucuna ta\u015f\u0131naca\u011f\u0131n\u0131 burada art\u0131k i\u015finin kalmad\u0131\u011f\u0131n\u0131 falan s\u00f6yledi. E\u015fim de iki ak\u015famd\u0131r eve \u00e7i\u00e7ekle hediyeyle geliyor. Ger\u00e7ekten bu kadar \u00e7abuk sonu\u00e7 alaca\u011f\u0131m\u0131 bilseydim ba\u015f\u0131ndan g\u00f6r\u00fc\u015f\u00fcrd\u00fcm as\u0131m ali hocayla. \u0130\u015finin ehli bir insan ve ald\u0131\u011f\u0131 paray\u0131 sonuna kadar hak etti\u011fini d\u00fc\u015f\u00fcn\u00fcyorum.<\/div><footer><div class=\"uagb-blockquote__author-wrap uagb-blockquote__author-at-left\"><cite class=\"uagb-blockquote__author\">Ay\u015feg\u00fcl <\/cite><\/div><\/footer><\/blockquote><\/div>\n\n\n\n<div style=\"height:35px\" aria-hidden=\"true\" class=\"wp-block-spacer\"><\/div>\n\n\n\n<div class=\"wp-block-uagb-blockquote uagb-block-0efb9dd7 uagb-blockquote__skin-border uagb-blockquote__stack-img-none\"><blockquote class=\"uagb-blockquote\"><div class=\"uagb-blockquote__content\">Merhaba Benim ba\u011flama i\u015flemim vard\u0131 e\u015fim \u00e7ok huzursuzluk \u00e7\u0131kart\u0131yordu evlili\u011fimiz s\u00fcrekli sorumluydu bir t\u00fcrl\u00fc anla\u015fam\u0131yorduk ama tart\u0131\u015ft\u0131\u011f\u0131m\u0131z konular \u00e7ok sa\u00e7mayd\u0131 gereksiz l\u00fczumsuzdu ama bir \u015fey oldu\u011funu d\u00fc\u015f\u00fcnd\u00fcm ben ve birka\u00e7 hocayla \u00e7al\u0131\u015ft\u0131m san\u0131r\u0131m doland\u0131r\u0131ld\u0131m bir eski dostumun tavsiyesi \u00fczerine as\u0131m ali hocamdan destek ald\u0131m durumu anlatt\u0131m Bana 7 g\u00fcnl\u00fck bir \u00e7al\u0131\u015fma \u00d6ner di sab\u0131rs\u0131zl\u0131kla bekledim s\u00fcreci takip ettim ve birden bile e\u015fimin bana kar\u015f\u0131 bir d\u00fc\u015f\u00fcncesi Fikri her \u015fey de\u011fi\u015fti Tabii ben de b\u00f6yle olmas\u0131n\u0131 istiyordum g\u00f6z\u00fcm ayd\u0131n art\u0131k \u00fcz\u00fclmek a\u011flamak yok yeniden do\u011fmu\u015f gibiyim Tabii bunlar \u00f6nce Allah\u2019\u0131n sonra as\u0131m ali hocam\u0131n sayesinde Kesinlikle tavsiye ederim..<\/div><footer><div class=\"uagb-blockquote__author-wrap uagb-blockquote__author-at-left\"><cite class=\"uagb-blockquote__author\">Ilg\u0131n<\/cite><\/div><\/footer><\/blockquote><\/div>\n\n\n\n<div style=\"height:35px\" aria-hidden=\"true\" class=\"wp-block-spacer\"><\/div>\n\n\n\n<div class=\"wp-block-uagb-blockquote uagb-block-08b1422b uagb-blockquote__skin-border uagb-blockquote__stack-img-none\"><blockquote class=\"uagb-blockquote\"><div class=\"uagb-blockquote__content\">Merhaba ben daha \u00f6nce birka\u00e7 ki\u015fiyle \u00e7al\u0131\u015ft\u0131m e\u015fimle bo\u015fanma a\u015famay\u0131z yani o evden gitti ve martta mahkemeye \u00e7\u0131kaca\u011f\u0131z son \u00e7are olarak medyum as\u0131m ali ile g\u00f6r\u00fc\u015fmeye ba\u015flad\u0131m. Bir arkadas\u0131m tavsiye etmi\u015fti. \u00d6nce bilgilerimi yollad\u0131m bak\u0131m yapt\u0131 gecesine \u00e7al\u0131smaya ba\u015flad\u0131k. Daha 4. G\u00fcndeyiz hi\u00e7 \u00fcmidim yoktu a\u00e7\u0131kcas\u0131 ama d\u00fcn ak\u015fam ileti\u015fim takvimi \u00e7\u0131kard\u0131 bana hocam. \u015eimdi beni her yerden engelleyen k\u00fcf\u00fcrler eden adam g\u00f6r\u00fc\u015fmek istiyor. \u00c7ocu\u011funu \u00f6zledi\u011fini evine d\u00f6nmek istedi\u011fini s\u00f6yl\u00fcyor avukat beni arad\u0131 davadan vazge\u00e7mi\u015f bile \u00e7oktan medyum as\u0131m ali hocam sayesinde oldu bunlar ben inanmazd\u0131m ama oldu ba\u015fka imkan\u0131 yoktu yani akl\u0131m alm\u0131yor bi onla g\u00f6r\u00fc\u015f\u00fcn derim<\/div><footer><div class=\"uagb-blockquote__author-wrap uagb-blockquote__author-at-left\"><cite class=\"uagb-blockquote__author\">Deniz<\/cite><\/div><\/footer><\/blockquote><\/div>\n","protected":false},"excerpt":{"rendered":"<p>\u00c7al\u0131\u015fmalar Dan\u0131\u015fan Yorumlar\u0131<\/p>\n","protected":false},"author":1,"featured_media":0,"parent":0,"menu_order":0,"comment_status":"closed","ping_status":"closed","template":"","meta":{"_uag_custom_page_level_css":"","footnotes":""},"class_list":["post-9","page","type-page","status-publish"],"uagb_featured_image_src":{"full":false,"thumbnail":false,"medium":false,"medium_large":false,"large":false,"1536x1536":false,"2048x2048":false},"uagb_author_info":{"display_name":"admin","author_link":"https:\/\/asimalihoca.com\/?author=1"},"uagb_comment_info":0,"uagb_excerpt":"\u00c7al\u0131\u015fmalar Dan\u0131\u015fan Yorumlar\u0131","_links":{"self":[{"href":"https:\/\/asimalihoca.com\/index.php?rest_route=\/wp\/v2\/pages\/9","targetHints":{"allow":["GET"]}}],"collection":[{"href":"https:\/\/asimalihoca.com\/index.php?rest_route=\/wp\/v2\/pages"}],"about":[{"href":"https:\/\/asimalihoca.com\/index.php?rest_route=\/wp\/v2\/types\/page"}],"author":[{"embeddable":true,"href":"https:\/\/asimalihoca.com\/index.php?rest_route=\/wp\/v2\/users\/1"}],"replies":[{"embeddable":true,"href":"https:\/\/asimalihoca.com\/index.php?rest_route=%2Fwp%2Fv2%2Fcomments&post=9"}],"version-history":[{"count":6,"href":"https:\/\/asimalihoca.com\/index.php?rest_route=\/wp\/v2\/pages\/9\/revisions"}],"predecessor-version":[{"id":28,"href":"https:\/\/asimalihoca.com\/index.php?rest_route=\/wp\/v2\/pages\/9\/revisions\/28"}],"wp:attachment":[{"href":"https:\/\/asimalihoca.com\/index.php?rest_route=%2Fwp%2Fv2%2Fmedia&parent=9"}],"curies":[{"name":"wp","href":"https:\/\/api.w.org\/{rel}","templated":true}]}}